{"id":510,"date":"2020-02-20T10:15:19","date_gmt":"2020-02-20T17:15:19","guid":{"rendered":"https:\/\/autopartes.infosys.com.mx\/ayuda\/?page_id=510"},"modified":"2024-02-20T03:15:21","modified_gmt":"2024-02-20T10:15:21","slug":"trade-mau-nha-biet-thu-3-tang-hien-dai-co-ho-ca-coi-autopartes-ayuda","status":"publish","type":"page","link":"https:\/\/autopartes.infosys.com.mx\/ayuda\/trade-mau-nha-biet-thu-3-tang-hien-dai-co-ho-ca-coi-autopartes-ayuda\/","title":{"rendered":"Trade | m\u1eabu nh\u00e0 bi\u1ec7t th\u1ef1 3 t\u1ea7ng hi\u1ec7n \u0111\u1ea1i c\u00f3 h\u1ed3 c\u00e1 coi | AutoPartes Ayuda"},"content":{"rendered":"<p><strong><span style=\"font-size:20px;\">Th\u00f4ng tin chi ti\u1ebft<\/span><\/strong><\/p>\n<section data-element_type=\"section\" data-id=\"f6af388\">\n<h3>Ch\u1ee7 \u0111\u1ea7u t\u01b0:\u00a0Anh T\u00f9ng<\/h3>\n<h3>S\u1ed1 t\u1ea7ng:\u00a03 t\u1ea7ng<\/h3>\n<h3>\u0110\u1ecba ch\u1ec9:\u00a0Th\u00e1i Nguy\u00ean<\/h3>\n<\/section>\n<table>\n<tbody>\n<tr>\n<td><img decoding=\"async\" src=\"http:\/\/vking.vn\/wp-content\/uploads\/2022\/12\/calendar-2.svg\" \/>\u00a0N\u0103m th\u1ef1c hi\u1ec7n<\/td>\n<td>2023<\/td>\n<\/tr>\n<tr>\n<td><img decoding=\"async\" src=\"http:\/\/vking.vn\/wp-content\/uploads\/2022\/12\/map.svg\" \/>\u00a0Di\u1ec7n t\u00edch nh\u00e0<\/td>\n<td>100m2<\/td>\n<\/tr>\n<tr>\n<td><img decoding=\"async\" src=\"http:\/\/vking.vn\/wp-content\/uploads\/2022\/12\/house-2.svg\" \/>\u00a0M\u1eb7t ti\u1ec1n<\/td>\n<td>9m<\/td>\n<\/tr>\n<tr>\n<td><img decoding=\"async\" src=\"http:\/\/vking.vn\/wp-content\/uploads\/2022\/12\/setting-2.svg\" \/>\u00a0\u0110\u01a1n v\u1ecb th\u1ef1c hi\u1ec7n<\/td>\n<td>Vking<\/td>\n<\/tr>\n<tr>\n<td><img decoding=\"async\" src=\"http:\/\/vking.vn\/wp-content\/uploads\/2022\/12\/star.svg\" \/>\u00a0C\u00f4ng n\u0103ng s\u1eed d\u1ee5ng<\/td>\n<td>\n<p>T\u1ea7ng 1: Ph\u00f2ng kh\u00e1ch, ph\u00f2ng b\u1ebfp \u0103n, wc chung, gara, h\u1ed3 c\u00e1<\/p>\n<p>T\u1ea7ng 2: 1 ph\u00f2ng ng\u1ee7 master, 1 ph\u00f2ng ng\u1ee7 th\u01b0\u1eddng, ph\u00f2ng x\u00f4ng s\u1ee5c\u00a0<\/p>\n<p>T\u1ea7ng 3: Ph\u00f2ng th\u1edd, 1 ph\u00f2ng ng\u1ee7, ph\u00f2ng gi\u1eb7t ph\u01a1i<\/p>\n<\/td>\n<\/tr>\n<tr>\n<td><img decoding=\"async\" src=\"http:\/\/vking.vn\/wp-content\/uploads\/2022\/12\/receipt-edit.svg\" \/>\u00a0Lo\u1ea1i thi\u1ebft k\u1ebf<\/td>\n<td>\u00a0<\/td>\n<\/tr>\n<\/tbody>\n<\/table>\n<h2>Ng\u1eafm nh\u00ecn m\u1eabu nh\u00e0 ph\u1ed1 3 t\u1ea7ng hi\u1ec7n \u0111\u1ea1i \u0111\u1eb9p sang tr\u1ecdng c\u00f3 h\u1ed3 c\u00e1 KOI VK23119<\/h2>\n<p>C\u00f3 th\u1ec3 n\u00f3i nh\u1eefng c\u0103n nh\u00e0 bi\u1ec7t th\u1ef1 ph\u1ed1 3 t\u1ea7ng hi\u1ec7n \u0111\u1ea1i m\u00e1i b\u1eb1ng lu\u00f4n mang m\u1ed9t v\u1ebb \u0111\u1eb9p m\u1edbi l\u1ea1, sang tr\u1ecdng, tinh t\u1ebf th\u1ec3 hi\u1ec7n n\u00e9t ph\u00f3ng kho\u00e1ng v\u00e0 c\u00e1 t\u00ednh c\u1ee7a gia ch\u1ee7. Phong c\u00e1ch hi\u1ec7n \u0111\u1ea1i n\u00e0y kh\u00f4ng h\u1ec1 b\u1ecb g\u00f2 b\u00f3 theo m\u1ed9t ti\u00eau chu\u1ea9n hay khu\u00f4n m\u1eabu n\u00e0o do \u0111\u00f3 ki\u1ebfn tr\u00fac s\u01b0 VKING c\u00f3 th\u1ec3 th\u1ecfa s\u1ee9c nghi\u00ean c\u1ee9u, s\u00e1ng t\u1ea1o, ki\u1ebfn t\u1ea1o n\u00ean m\u1ed9t c\u00f4ng tr\u00ecnh \u0111\u1ed9c \u0111\u00e1o v\u00e0 \u0111\u1eb9p m\u1eaft cho ch\u1ee7 \u0111\u1ea7u t\u01b0. \u0110\u1eb7c bi\u1ec7t khi k\u1ebft h\u1ee3p c\u00f9ng ti\u1ec3u c\u1ea3nh t\u01b0\u01a1i m\u00e1t s\u1ebd gi\u00fap gia ch\u1ee7 lu\u00f4n \u0111\u01b0\u1ee3c t\u1eadn h\u01b0\u1edfng kh\u00f4ng gian th\u01b0 gi\u00e3n, m\u00e1t m\u1ebb v\u00e0 trong l\u00e0nh. H\u00f4m nay h\u00e3y c\u00f9ng Ki\u1ebfn tr\u00fac VKING ng\u1eafm nh\u00ecn m\u1eabu thi\u1ebft k\u1ebf nh\u00e0 ph\u1ed1 3 t\u1ea7ng hi\u1ec7n \u0111\u1ea1i \u0111\u1eb9p sang tr\u1ecdng c\u00f3 h\u1ed3 c\u00e1 KOI c\u1ee7a gia \u0111\u00ecnh anh T\u00f9ng VK23119 nh\u00e9!<\/p>\n<figure aria-describedby=\"caption-attachment-30430\" id=\"attachment_30430\"><img alt=\"thiet ke nha pho 3 tang hien dai vk231191\" decoding=\"async\" fetchpriority=\"high\" height=\"750\" sizes=\"(max-width: 1000px) 100vw, 1000px\" src=\"https:\/\/vking.vn\/wp-content\/uploads\/2023\/11\/thiet-ke-nha-pho-3-tang-hien-dai-vk231191.jpg\" srcset=\"https:\/\/vking.vn\/wp-content\/uploads\/2023\/11\/thiet-ke-nha-pho-3-tang-hien-dai-vk231191.jpg 1000w, https:\/\/vking.vn\/wp-content\/uploads\/2023\/11\/thiet-ke-nha-pho-3-tang-hien-dai-vk231191-300x225.jpg 300w, https:\/\/vking.vn\/wp-content\/uploads\/2023\/11\/thiet-ke-nha-pho-3-tang-hien-dai-vk231191-768x576.jpg 768w\" title=\"M\u1eaaU NH\u00c0 PH\u1ed0 3 T\u1ea6NG HI\u1ec6N \u0110\u1ea0I C\u00d3 H\u1ed2 C\u00c1 KOI VK23119 1\" width=\"1000\" \/><figcaption id=\"caption-attachment-30430\"><em>Chi\u00eam ng\u01b0\u1ee1ng m\u1eabu thi\u1ebft k\u1ebf nh\u00e0 bi\u1ec7t th\u1ef1 ph\u1ed1 3 t\u1ea7ng hi\u1ec7n \u0111\u1ea1i\u00a0<\/em><\/figcaption><\/figure>\n<p>M\u1eb7t ti\u1ec1n c\u1ee7a c\u0103n nh\u00e0 bi\u1ec7t th\u1ef1 ph\u1ed1 3 t\u1ea7ng l\u00e0 s\u1ef1 k\u1ebft h\u1ee3p h\u00e0i ho\u00e0 c\u1ee7a 3 tone m\u00e0u tr\u1eafng \u2013 n\u00e2u \u2013 x\u00e1m \u0111\u1eb7c tr\u01b0ng trong phong c\u00e1ch hi\u1ec7n \u0111\u1ea1i. C\u00e1c \u00f4 c\u1eeda s\u1ed5 b\u1eb1ng k\u00ednh kh\u1ed5 l\u1edbn \u0111\u01b0\u1ee3c b\u1ed1 tr\u00ed \u1edf c\u00e1c t\u1ea7ng cho ph\u00e9p \u00e1nh s\u00e1ng t\u1ef1 nhi\u00ean lan to\u1ea3 v\u00e0o b\u00ean trong c\u0103n nh\u00e0 gi\u00fap kh\u00f4ng gian sinh ho\u1ea1t tr\u1edf n\u00ean s\u00e1ng s\u1ee7a v\u00e0 tho\u00e1ng \u0111\u00e3ng. \u0110\u1eb7c bi\u1ec7t, ph\u1ea7n ban c\u00f4ng c\u1ee7a t\u1ea7ng hai \u0111\u01b0\u1ee3c thi\u1ebft k\u1ebf th\u00eam nh\u1eefng thanh lam ch\u1eafn n\u1eafng v\u1eeba gi\u00fap t\u0103ng th\u1ea9m m\u1ef9 cho ngo\u1ea1i th\u1ea5t c\u0103n nh\u00e0 tr\u1edf n\u00ean \u0111\u1ed9c \u0111\u00e1o, v\u1eeba c\u00f3 t\u00e1c d\u1ee5ng c\u1ea3n n\u1eafng, c\u1ea3n gi\u00f3 hi\u1ec7u qu\u1ea3 trong \u0111i\u1ec1u ki\u1ec7n th\u1eddi ti\u1ebft n\u1eafng n\u00f3ng c\u1ee7a m\u00f9a h\u00e8 hay gi\u00f3 l\u1ea1nh c\u1ee7a m\u00f9a \u0111\u00f4ng, ki\u1ec3u th\u1eddi ti\u1ebft \u0111\u1eb7c tr\u01b0ng c\u1ee7a mi\u1ec1n B\u1eafc n\u01b0\u1edbc ta.<\/p>\n<p><strong><span style=\"font-size:20px;\">XEM TH\u00caM: <a href=\"https:\/\/vking.vn\/biet-thu-mai-thai-3-tang-tai-ha-noi-vk22036\/\">M\u1eabu nh\u00e0 3 t\u1ea7ng \u0111\u1eb9p v\u1ea1n ng\u01b0\u1eddi m\u00ea<\/a><\/span><\/strong><\/p>\n<figure aria-describedby=\"caption-attachment-30433\" id=\"attachment_30433\"><img loading=\"lazy\" alt=\"thiet ke nha pho 3 tang hien dai vk231194\" decoding=\"async\" height=\"750\" sizes=\"auto, (max-width: 1000px) 100vw, 1000px\" src=\"https:\/\/vking.vn\/wp-content\/uploads\/2023\/11\/thiet-ke-nha-pho-3-tang-hien-dai-vk231194.jpg\" srcset=\"https:\/\/vking.vn\/wp-content\/uploads\/2023\/11\/thiet-ke-nha-pho-3-tang-hien-dai-vk231194.jpg 1000w, https:\/\/vking.vn\/wp-content\/uploads\/2023\/11\/thiet-ke-nha-pho-3-tang-hien-dai-vk231194-300x225.jpg 300w, https:\/\/vking.vn\/wp-content\/uploads\/2023\/11\/thiet-ke-nha-pho-3-tang-hien-dai-vk231194-768x576.jpg 768w\" title=\"M\u1eaaU NH\u00c0 PH\u1ed0 3 T\u1ea6NG HI\u1ec6N \u0110\u1ea0I C\u00d3 H\u1ed2 C\u00c1 KOI VK23119 2\" width=\"1000\" \/><figcaption id=\"caption-attachment-30433\"><em>M\u00e1i b\u1eb1ng gi\u00fap c\u0103n nh\u00e0 tr\u1edf n\u00ean hi\u1ec7n \u0111\u1ea1i, ph\u00f3ng kho\u00e1ng v\u00e0 c\u00e1 t\u00ednh h\u01a1n\u00a0<\/em><\/figcaption><\/figure>\n<p>Tuy v\u1edbi di\u1ec7n t\u00edch l\u00f4 ph\u1ed1 h\u1ea1n ch\u1ebf nh\u01b0ng ph\u1ea7n c\u1ed5ng t\u01b0\u1eddng r\u00e0o v\u00e0 s\u00e2n ch\u01a1i c\u1ee7a ng\u00f4i nh\u00e0 v\u1eabn \u0111\u01b0\u1ee3c ch\u00fa tr\u1ecdng v\u00e0 ch\u0103m ch\u00fat t\u1ec9 m\u1ec9. C\u1ed5ng \u0111\u01b0\u1ee3c l\u00e0m t\u1eeb g\u1ed7 n\u00e2u, t\u1ea1o n\u00ean s\u1ef1 sang tr\u1ecdng v\u00e0 tinh t\u1ebf \u2013 \u0111\u00e2y c\u0169ng l\u00e0 m\u1eabu c\u1ed5ng \u0111\u01b0\u1ee3c r\u1ea5t nhi\u1ec1u ch\u1ee7 nh\u00e0 y\u00eau th\u00edch v\u00e0 l\u1ef1a ch\u1ecdn.\u00a0<\/p>\n<figure aria-describedby=\"caption-attachment-30435\" id=\"attachment_30435\"><img loading=\"lazy\" alt=\"thiet ke nha pho 3 tang hien dai vk231196\" decoding=\"async\" height=\"750\" sizes=\"auto, (max-width: 1000px) 100vw, 1000px\" src=\"https:\/\/vking.vn\/wp-content\/uploads\/2023\/11\/thiet-ke-nha-pho-3-tang-hien-dai-vk231196.jpg\" srcset=\"https:\/\/vking.vn\/wp-content\/uploads\/2023\/11\/thiet-ke-nha-pho-3-tang-hien-dai-vk231196.jpg 1000w, https:\/\/vking.vn\/wp-content\/uploads\/2023\/11\/thiet-ke-nha-pho-3-tang-hien-dai-vk231196-300x225.jpg 300w, https:\/\/vking.vn\/wp-content\/uploads\/2023\/11\/thiet-ke-nha-pho-3-tang-hien-dai-vk231196-768x576.jpg 768w\" title=\"M\u1eaaU NH\u00c0 PH\u1ed0 3 T\u1ea6NG HI\u1ec6N \u0110\u1ea0I C\u00d3 H\u1ed2 C\u00c1 KOI VK23119 3\" width=\"1000\" \/><figcaption id=\"caption-attachment-30435\"><em>Nh\u1eefng thanh lam c\u00f3 t\u00e1c d\u1ee5ng ch\u1eafn n\u1eafng v\u00e0 c\u1ea3n gi\u00f3 hi\u1ec7u qu\u1ea3<\/em><\/figcaption><\/figure>\n<p>Th\u1eed qua nhi\u1ec1u ph\u01b0\u01a1ng \u00e1n s\u1eed d\u1ee5ng v\u1eadt li\u1ec7u, c\u00e1c KTS VKING \u0111\u00e3 l\u1ef1a ch\u1ecdn s\u1eed d\u1ee5ng g\u1ed7 conwood \u0111\u1ec3 \u1ed1p tr\u1ea7n ngo\u00e0i tr\u1eddi. \u0110\u00e2y l\u00e0 lo\u1ea1i v\u1eadt li\u1ec7u mang n\u00e9t \u0111\u1eb9p trang nh\u00e3 t\u1ef1 nhi\u00ean \u0111\u1ec3 t\u0103ng n\u00e9t d\u1ecbu d\u00e0ng gi\u1eefa kh\u00f4ng gian ngo\u1ea1i th\u1ea5t m\u1ea1nh m\u1ebd v\u00e0 ki\u00ean c\u1ed1 c\u1ee7a c\u0103n nh\u00e0 hi\u1ec7n \u0111\u1ea1i.\u00a0<\/p>\n<figure aria-describedby=\"caption-attachment-30434\" id=\"attachment_30434\"><img alt=\"thiet ke nha pho 3 tang hien dai vk231195\" decoding=\"async\" height=\"750\" loading=\"lazy\" sizes=\"auto, (max-width: 1000px) 100vw, 1000px\" src=\"https:\/\/vking.vn\/wp-content\/uploads\/2023\/11\/thiet-ke-nha-pho-3-tang-hien-dai-vk231195.jpg\" srcset=\"https:\/\/vking.vn\/wp-content\/uploads\/2023\/11\/thiet-ke-nha-pho-3-tang-hien-dai-vk231195.jpg 1000w, https:\/\/vking.vn\/wp-content\/uploads\/2023\/11\/thiet-ke-nha-pho-3-tang-hien-dai-vk231195-300x225.jpg 300w, https:\/\/vking.vn\/wp-content\/uploads\/2023\/11\/thiet-ke-nha-pho-3-tang-hien-dai-vk231195-768x576.jpg 768w\" title=\"M\u1eaaU NH\u00c0 PH\u1ed0 3 T\u1ea6NG HI\u1ec6N \u0110\u1ea0I C\u00d3 H\u1ed2 C\u00c1 KOI VK23119 4\" width=\"1000\" \/><figcaption id=\"caption-attachment-30434\"><em>To\u00e0n c\u1ea3nh c\u0103n nh\u00e0 bi\u1ec7t th\u1ef1 ph\u1ed1 3 t\u1ea7ng nh\u00ecn t\u1eeb tr\u00ean cao<\/em><\/figcaption><\/figure>\n<p>Tone m\u00e0u tr\u1eafng ch\u1ee7 \u0111\u1ea1o khi ph\u1ed1i c\u00f9ng gam m\u00e0u n\u00e2u g\u1ed7 c\u1ee7a \u1ed1p tr\u1ea7n v\u00e0 thanh lam ch\u1eafn n\u1eafng hay m\u00e0u \u0111en c\u1ee7a khung c\u1eeda k\u00ednh, m\u00e0u x\u00e1m c\u1ee7a \u0111\u00e1 \u1ed1p t\u01b0\u1eddng h\u00f2a c\u00f9ng m\u1ea3ng c\u00e2y xanh t\u01b0\u01a1i m\u00e1t khi\u1ebfn c\u0103n nh\u00e0 hi\u1ec7n \u0111\u1ea1i ph\u1ed1 v\u1eeba h\u00e0i ho\u00e0 \u0111\u1eb9p m\u1eaft v\u1eeba c\u00f3 s\u1ee9c h\u00fat m\u1ea1nh m\u1ebd thu h\u00fat m\u1ecdi \u00e1nh nh\u00ecn.\u00a0<\/p>\n<figure aria-describedby=\"caption-attachment-30432\" id=\"attachment_30432\"><img alt=\"thiet ke nha pho 3 tang hien dai vk231193\" decoding=\"async\" height=\"750\" loading=\"lazy\" sizes=\"auto, (max-width: 1000px) 100vw, 1000px\" src=\"https:\/\/vking.vn\/wp-content\/uploads\/2023\/11\/thiet-ke-nha-pho-3-tang-hien-dai-vk231193.jpg\" srcset=\"https:\/\/vking.vn\/wp-content\/uploads\/2023\/11\/thiet-ke-nha-pho-3-tang-hien-dai-vk231193.jpg 1000w, https:\/\/vking.vn\/wp-content\/uploads\/2023\/11\/thiet-ke-nha-pho-3-tang-hien-dai-vk231193-300x225.jpg 300w, https:\/\/vking.vn\/wp-content\/uploads\/2023\/11\/thiet-ke-nha-pho-3-tang-hien-dai-vk231193-768x576.jpg 768w\" title=\"M\u1eaaU NH\u00c0 PH\u1ed0 3 T\u1ea6NG HI\u1ec6N \u0110\u1ea0I C\u00d3 H\u1ed2 C\u00c1 KOI VK23119 5\" width=\"1000\" \/><figcaption id=\"caption-attachment-30432\"><em>Khu\u00f4n vi\u00ean t\u1eeb c\u1ed5ng ch\u00ednh \u0111i v\u00e0o tr\u00e0n ng\u1eadp s\u1eafc xanh c\u1ee7a c\u00e2y c\u1ecf v\u00e0 sinh \u0111\u1ed9ng c\u1ee7a h\u1ed3 c\u00e1<\/em><\/figcaption><\/figure>\n<p>T\u1eeb c\u1ed5ng ch\u00ednh \u0111i v\u00e0o ch\u00ednh l\u00e0 g\u00f3c ti\u1ec3u c\u1ea3nh xanh m\u00e1t, h\u1ed3 c\u00e1 Koi v\u00e0 th\u00e1c n\u01b0\u1edbc \u0111an xen c\u00e0ng l\u00e0m t\u0103ng th\u00eam s\u1ef1 sang tr\u1ecdng v\u00e0 \u0111\u1eb3ng c\u1ea5p c\u1ee7a ng\u00f4i nh\u00e0. T\u1eeb ph\u00f2ng kh\u00e1ch gia \u0111\u00ecnh c\u00f3 th\u1ec3 ng\u1eafm nh\u00ecn nh\u1eefng \u0111\u00e0n c\u00e1 r\u1ef1c r\u1ee1 s\u1eafc m\u00e0u b\u01a1i l\u1ed9i v\u00e0 l\u1eafng nghe ti\u1ebfng th\u00e1c n\u01b0\u1edbc ch\u1ea3y r\u00f3c r\u00e1ch vui tai. Nh\u1eefng \u0111i\u1ec1u n\u00e0y \u0111\u01b0a ch\u00fang ta g\u1ea7n g\u0169i h\u01a1n v\u1edbi thi\u00ean nhi\u00ean, gi\u00fap m\u1ecdi ng\u01b0\u1eddi khi tr\u1edf v\u1ec1 nh\u00e0 \u0111\u01b0\u1ee3c th\u1ea3 l\u1ecfng, tinh th\u1ea7n th\u01b0 th\u00e1i v\u00e0 n\u00e2ng cao ch\u1ea5t l\u01b0\u1ee3ng cu\u1ed9c s\u1ed1ng.\u00a0<\/p>\n<p><strong><span style=\"font-size:20px;\">THAM KH\u1ea2O: <a href=\"https:\/\/vking.vn\/thiet-ke-biet-thu-hien-dai-mau-vk23034\/\">Tham kh\u1ea3o m\u1eabu nh\u00e0 3 t\u1ea7ng hi\u1ec7n \u0111\u1ea1i ti\u1ec7n nghi mang l\u1ea1i kh\u00f4ng gian s\u1ed1ng ho\u00e0n m\u0129<\/a><\/span><\/strong><\/p>\n<figure aria-describedby=\"caption-attachment-30436\" id=\"attachment_30436\"><img alt=\"thiet ke nha pho 3 tang hien dai vk231197\" decoding=\"async\" height=\"750\" loading=\"lazy\" sizes=\"auto, (max-width: 1000px) 100vw, 1000px\" src=\"https:\/\/vking.vn\/wp-content\/uploads\/2023\/11\/thiet-ke-nha-pho-3-tang-hien-dai-vk231197.jpg\" srcset=\"https:\/\/vking.vn\/wp-content\/uploads\/2023\/11\/thiet-ke-nha-pho-3-tang-hien-dai-vk231197.jpg 1000w, https:\/\/vking.vn\/wp-content\/uploads\/2023\/11\/thiet-ke-nha-pho-3-tang-hien-dai-vk231197-300x225.jpg 300w, https:\/\/vking.vn\/wp-content\/uploads\/2023\/11\/thiet-ke-nha-pho-3-tang-hien-dai-vk231197-768x576.jpg 768w\" title=\"M\u1eaaU NH\u00c0 PH\u1ed0 3 T\u1ea6NG HI\u1ec6N \u0110\u1ea0I C\u00d3 H\u1ed2 C\u00c1 KOI VK23119 6\" width=\"1000\" \/><figcaption id=\"caption-attachment-30436\"><em>Kh\u00f4ng gian th\u01b0 gi\u00e3n y\u00eau th\u00edch c\u1ee7a anh T\u00f9ng m\u1ed7i bu\u1ed5i s\u00e1ng<\/em><\/figcaption><\/figure>\n<p>Khi th\u1ef1c hi\u1ec7n b\u1ea5t c\u1ee9 c\u00f4ng tr\u00ecnh n\u00e0o, \u0111\u1ed9i ng\u0169 VKING ch\u00fang t\u00f4i lu\u00f4n \u0111\u1eb7t b\u1ea3n th\u00e2n v\u00e0o v\u1ecb tr\u00ed c\u1ee7a kh\u00e1ch h\u00e0ng, mong mu\u1ed1n \u0111\u01b0a ra nh\u1eefng l\u1ef1a ch\u1ecdn t\u1ed1t nh\u1ea5t v\u00e0 ph\u00f9 h\u1ee3p nh\u1ea5t, mang phong c\u00e1ch c\u00e1 nh\u00e2n v\u00e0o t\u1eebng chi ti\u1ebft thi\u1ebft k\u1ebf. \u0110\u1ed3ng th\u1eddi, VKING g\u1eedi l\u1eddi c\u1ea3m \u01a1n s\u00e2u s\u1eafc t\u1edbi gia \u0111\u00ecnh anh T\u00f9ng v\u00ec \u0111\u00e3 tin t\u01b0\u1edfng v\u00e0 l\u1ef1a ch\u1ecdn.<\/p>\n<figure aria-describedby=\"caption-attachment-30431\" id=\"attachment_30431\"><img alt=\"thiet ke nha pho 3 tang hien dai vk231192\" decoding=\"async\" height=\"750\" loading=\"lazy\" sizes=\"auto, (max-width: 1000px) 100vw, 1000px\" src=\"https:\/\/vking.vn\/wp-content\/uploads\/2023\/11\/thiet-ke-nha-pho-3-tang-hien-dai-vk231192.jpg\" srcset=\"https:\/\/vking.vn\/wp-content\/uploads\/2023\/11\/thiet-ke-nha-pho-3-tang-hien-dai-vk231192.jpg 1000w, https:\/\/vking.vn\/wp-content\/uploads\/2023\/11\/thiet-ke-nha-pho-3-tang-hien-dai-vk231192-300x225.jpg 300w, https:\/\/vking.vn\/wp-content\/uploads\/2023\/11\/thiet-ke-nha-pho-3-tang-hien-dai-vk231192-768x576.jpg 768w\" title=\"M\u1eaaU NH\u00c0 PH\u1ed0 3 T\u1ea6NG HI\u1ec6N \u0110\u1ea0I C\u00d3 H\u1ed2 C\u00c1 KOI VK23119 7\" width=\"1000\" \/><figcaption id=\"caption-attachment-30431\"><em>Ki\u1ebfn tr\u00fac VKING \u2013 Thi\u1ebft k\u1ebf \u2013 thi c\u00f4ng x\u1ee9ng t\u1ea7m \u0111\u1eb3ng c\u1ea5p\u00a0<\/em><\/figcaption><\/figure>\n<h3 dir=\"auto\"><b>H\u1ed2 S\u01a0 THI\u1ebeT K\u1ebe NH\u00c0 BI\u1ec6T TH\u1ef0 HI\u1ec6N \u0110\u1ea0I BAO G\u1ed2M:<\/b><\/h3>\n<p>\u2013 B\u1ea3n v\u1ebd chi ti\u1ebft ki\u1ebfn tr\u00fac v\u00e0 ph\u1ed1i c\u1ea3nh ngo\u1ea1i th\u1ea5t 3D<\/p>\n<p>\u2013 B\u1ea3n v\u1ebd chi ti\u1ebft n\u1ed9i th\u1ea5t, ph\u1ed1i c\u1ea3nh n\u1ed9i th\u1ea5t 3D<\/p>\n<p>\u2013 B\u1ea3n v\u1ebd k\u1ebft c\u1ea5u c\u00f4ng tr\u00ecnh<\/p>\n<p>\u2013 B\u1ea3n v\u1ebd h\u1ec7 th\u1ed1ng ME (\u0110i\u1ec7n \u2013 N\u01b0\u1edbc \u2013 \u0110i\u1ec1u h\u00f2a \u2013 Th\u00f4ng gi\u00f3 \u2013 An ninh\u2026)<\/p>\n<p>\u2013 To\u00e0n b\u1ed9 h\u1ed3 s\u01a1 thi\u1ebft k\u1ebf c\u00f4ng n\u0103ng c\u00e1c ph\u00f2ng v\u00e0 ki\u1ebfn tr\u00fac \u0111\u1ec1u \u0111\u01b0\u1ee3c t\u01b0 v\u1ea5n h\u1ee3p theo Phong th\u1ee7y v\u00e0 tu\u1ed5i c\u1ee7a ch\u1ee7 \u0111\u1ea7u t\u01b0. K\u00edch th\u01b0\u1edbc c\u00e1c ph\u00f2ng, chi\u1ec1u cao nh\u00e0 v\u00e0 k\u00edch th\u01b0\u1edbc c\u1eeda \u0111\u1ec1u theo k\u00edch th\u01b0\u1edbc phong th\u1ee7y.<\/p>\n<p>\u0110\u1ed9i ng\u0169 ki\u1ebfn tr\u00fac s\u01b0 c\u1ee7a VKING c\u00f3 nhi\u1ec1u n\u0103m kinh nghi\u1ec7m v\u00e0 gi\u00e0u t\u00e0i n\u0103ng trong l\u0129nh v\u1ef1c thi\u1ebft k\u1ebf &#038; thi c\u00f4ng bi\u1ec7t th\u1ef1, kh\u00e1ch s\u1ea1n, tr\u1ee5 s\u1edf \u2013 v\u0103n ph\u00f2ng,\u2026 V\u1edbi ki\u1ebfn th\u1ee9c chuy\u00ean m\u00f4n cao c\u00f9ng gu th\u1ea9m m\u1ef9 tuy\u1ec7t v\u1eddi, VKING cam k\u1ebft s\u1ebd mang t\u1edbi cho kh\u00e1ch h\u00e0ng m\u1ed9t s\u1ef1 tr\u1ea3i nghi\u1ec7m v\u1ec1 kh\u00f4ng gian s\u1ed1ng \u2013 l\u00e0m vi\u1ec7c \u0111\u1eb3ng c\u1ea5p, \u0111\u00e1ng s\u1ed1ng v\u01b0\u1ee3t th\u1eddi gian.<\/p>\n<p><strong>\u0110\u1ebfn v\u1edbi ki\u1ebfn tr\u00fac VKING, b\u1ea1n \u0111ang \u0111\u1ebfn g\u1ea7n h\u01a1n v\u1edbi ng\u00f4i nh\u00e0 m\u01a1 \u01b0\u1edbc<\/strong>, s\u1edf h\u1eefu kh\u00f4ng gian s\u1ed1ng ho\u00e0n m\u1ef9, tuy\u1ec7t v\u1eddi. \u0110\u1ec3 nh\u1eadn \u0111\u01b0\u1ee3c nh\u1eefng t\u01b0 v\u1ea5n v\u1ec1 d\u1ecbch v\u1ee5 thi\u1ebft k\u1ebf bi\u1ec7t th\u1ef1 hi\u1ec7n \u0111\u1ea1i sang tr\u1ecdng v\u00e0 \u0111\u1eb3ng c\u1ea5p, Qu\u00fd kh\u00e1ch h\u00e3y li\u00ean h\u1ec7 ngay v\u1edbi ch\u00fang t\u00f4i qua\u00a0<span style=\"font-size:20px;\"><strong>s\u1ed1 Hotline 0789.996.000 ho\u1eb7c 0822.008.080<\/strong>\u00a0<\/span>\u0111\u1ec3 \u0111\u01b0\u1ee3c t\u01b0 v\u1ea5n to\u00e0n di\u1ec7n v\u00e0 nhanh ch\u00f3ng nh\u1ea5t.<\/p>\n<p style=\"text-align: center;font-size: 8px;font-weight: 600;display: flex;justify-content: center;color: blueviolet;\">POSTER FOXSEOTOOL<\/p>\n","protected":false},"excerpt":{"rendered":"<p>Th\u00f4ng tin chi ti\u1ebft Ch\u1ee7 \u0111\u1ea7u t\u01b0:\u00a0Anh T\u00f9ng S\u1ed1 t\u1ea7ng:\u00a03 t\u1ea7ng \u0110\u1ecba ch\u1ec9:\u00a0Th\u00e1i Nguy\u00ean \u00a0N\u0103m th\u1ef1c hi\u1ec7n 2023 \u00a0Di\u1ec7n t\u00edch nh\u00e0 100m2 \u00a0M\u1eb7t ti\u1ec1n 9m \u00a0\u0110\u01a1n v\u1ecb th\u1ef1c hi\u1ec7n Vking \u00a0C\u00f4ng n\u0103ng s\u1eed d\u1ee5ng T\u1ea7ng 1: Ph\u00f2ng kh\u00e1ch, ph\u00f2ng b\u1ebfp \u0103n, wc chung, gara, h\u1ed3 c\u00e1 T\u1ea7ng 2: 1 ph\u00f2ng ng\u1ee7 master, 1 ph\u00f2ng ng\u1ee7 [&hellip;]<\/p>\n","protected":false},"author":1,"featured_media":0,"parent":0,"menu_order":0,"comment_status":"closed","ping_status":"closed","template":"","meta":{"pagelayer_contact_templates":[],"_pagelayer_content":"","footnotes":""},"class_list":["post-510","page","type-page","status-publish","hentry"],"_links":{"self":[{"href":"https:\/\/autopartes.infosys.com.mx\/ayuda\/wp-json\/wp\/v2\/pages\/510","targetHints":{"allow":["GET"]}}],"collection":[{"href":"https:\/\/autopartes.infosys.com.mx\/ayuda\/wp-json\/wp\/v2\/pages"}],"about":[{"href":"https:\/\/autopartes.infosys.com.mx\/ayuda\/wp-json\/wp\/v2\/types\/page"}],"author":[{"embeddable":true,"href":"https:\/\/autopartes.infosys.com.mx\/ayuda\/wp-json\/wp\/v2\/users\/1"}],"replies":[{"embeddable":true,"href":"https:\/\/autopartes.infosys.com.mx\/ayuda\/wp-json\/wp\/v2\/comments?post=510"}],"version-history":[{"count":1,"href":"https:\/\/autopartes.infosys.com.mx\/ayuda\/wp-json\/wp\/v2\/pages\/510\/revisions"}],"predecessor-version":[{"id":512,"href":"https:\/\/autopartes.infosys.com.mx\/ayuda\/wp-json\/wp\/v2\/pages\/510\/revisions\/512"}],"wp:attachment":[{"href":"https:\/\/autopartes.infosys.com.mx\/ayuda\/wp-json\/wp\/v2\/media?parent=510"}],"curies":[{"name":"wp","href":"https:\/\/api.w.org\/{rel}","templated":true}]}}